{"id":2,"date":"2026-01-22T12:59:25","date_gmt":"2026-01-22T12:59:25","guid":{"rendered":"https:\/\/elizabeth.logia-web.fr\/?page_id=2"},"modified":"2026-02-05T00:36:03","modified_gmt":"2026-02-05T00:36:03","slug":"sample-page","status":"publish","type":"page","link":"https:\/\/jeanpierre.logia-web.fr\/","title":{"rendered":"Accueil"},"content":{"rendered":"\t\t<div data-elementor-type=\"wp-page\" data-elementor-id=\"2\" class=\"elementor elementor-2\" data-elementor-post-type=\"page\">\n\t\t\t\t<div class=\"elementor-element elementor-element-3aa0e89 e-flex e-con-boxed e-con e-parent\" data-id=\"3aa0e89\" data-element_type=\"container\" data-e-type=\"container\" data-settings=\"{&quot;background_background&quot;:&quot;classic&quot;}\">\n\t\t\t\t\t<div class=\"e-con-inner\">\n\t\t\t\t<div class=\"elementor-element elementor-element-4eb9efd elementor-widget elementor-widget-theme-site-logo elementor-widget-image\" data-id=\"4eb9efd\" data-element_type=\"widget\" data-e-type=\"widget\" data-widget_type=\"theme-site-logo.default\">\n\t\t\t\t\t\t\t\t\t\t\t<a href=\"https:\/\/jeanpierre.logia-web.fr\">\n\t\t\t<img fetchpriority=\"high\" decoding=\"async\" width=\"480\" height=\"157\" src=\"https:\/\/jeanpierre.logia-web.fr\/wp-content\/uploads\/2026\/01\/Group-8044.webp\" class=\"attachment-full size-full wp-image-15\" alt=\"\" srcset=\"https:\/\/jeanpierre.logia-web.fr\/wp-content\/uploads\/2026\/01\/Group-8044.webp 480w, https:\/\/jeanpierre.logia-web.fr\/wp-content\/uploads\/2026\/01\/Group-8044-300x98.webp 300w\" sizes=\"(max-width: 480px) 100vw, 480px\" \/>\t\t\t\t<\/a>\n\t\t\t\t\t\t\t\t\t\t\t<\/div>\n\t\t\t\t<div class=\"elementor-element elementor-element-8b003e4 elementor-widget__width-initial elementor-widget elementor-widget-text-editor\" data-id=\"8b003e4\" data-element_type=\"widget\" data-e-type=\"widget\" data-widget_type=\"text-editor.default\">\n\t\t\t\t\t\t\t\t\t<p>Lorem ipsum dolor sit amet, consectetur adipiscing elit, sed do eiusmod tempor incididunt ut labore et dolore magna aliqua. Ut enim ad minim veniam, quis<\/p>\t\t\t\t\t\t\t\t<\/div>\n\t\t<div class=\"elementor-element elementor-element-4f90ca6 e-con-full e-flex e-con e-child\" data-id=\"4f90ca6\" data-element_type=\"container\" data-e-type=\"container\">\n\t\t\t\t<div class=\"elementor-element elementor-element-d018cde elementor-widget elementor-widget-button\" data-id=\"d018cde\" data-element_type=\"widget\" data-e-type=\"widget\" data-widget_type=\"button.default\">\n\t\t\t\t\t\t\t\t\t\t<a class=\"elementor-button elementor-button-link elementor-size-sm\" href=\"#\">\n\t\t\t\t\t\t<span class=\"elementor-button-content-wrapper\">\n\t\t\t\t\t\t\t\t\t<span class=\"elementor-button-text\">nous d\u00e9couvrir<\/span>\n\t\t\t\t\t<\/span>\n\t\t\t\t\t<\/a>\n\t\t\t\t\t\t\t\t<\/div>\n\t\t\t\t<div class=\"elementor-element elementor-element-27e07cf elementor-widget elementor-widget-button\" data-id=\"27e07cf\" data-element_type=\"widget\" data-e-type=\"widget\" data-widget_type=\"button.default\">\n\t\t\t\t\t\t\t\t\t\t<a class=\"elementor-button elementor-button-link elementor-size-sm\" href=\"#\">\n\t\t\t\t\t\t<span class=\"elementor-button-content-wrapper\">\n\t\t\t\t\t\t\t\t\t<span class=\"elementor-button-text\">Une question ?<\/span>\n\t\t\t\t\t<\/span>\n\t\t\t\t\t<\/a>\n\t\t\t\t\t\t\t\t<\/div>\n\t\t\t\t<\/div>\n\t\t<div class=\"elementor-element elementor-element-371daa0 e-con-full e-flex e-con e-child\" data-id=\"371daa0\" data-element_type=\"container\" data-e-type=\"container\" data-settings=\"{&quot;background_background&quot;:&quot;gradient&quot;,&quot;position&quot;:&quot;absolute&quot;}\">\n\t\t\t\t<div class=\"elementor-element elementor-element-2b394cf elementor-view-default elementor-widget elementor-widget-icon\" data-id=\"2b394cf\" data-element_type=\"widget\" data-e-type=\"widget\" data-widget_type=\"icon.default\">\n\t\t\t\t\t\t\t<div class=\"elementor-icon-wrapper\">\n\t\t\t<div class=\"elementor-icon\">\n\t\t\t<svg xmlns=\"http:\/\/www.w3.org\/2000\/svg\" width=\"37\" height=\"36\" viewBox=\"0 0 37 36\" fill=\"none\"><path d=\"M32.7096 17.2813L18.7669 31.2239C18.5393 31.4515 18.1703 31.4515 17.9427 31.2239L4 17.2812\" stroke=\"#41AF88\" stroke-width=\"8\" stroke-linecap=\"round\"><\/path><path d=\"M25.0562 4L18.5472 10.5089C18.441 10.6152 18.2687 10.6152 18.1625 10.5089L11.6536 4\" stroke=\"#41AF88\" stroke-width=\"8\" stroke-linecap=\"round\"><\/path><\/svg>\t\t\t<\/div>\n\t\t<\/div>\n\t\t\t\t\t\t<\/div>\n\t\t\t\t<\/div>\n\t\t\t\t\t<\/div>\n\t\t\t\t<\/div>\n\t\t<div class=\"elementor-element elementor-element-a738da0 e-flex e-con-boxed e-con e-parent\" data-id=\"a738da0\" data-element_type=\"container\" data-e-type=\"container\" data-settings=\"{&quot;background_background&quot;:&quot;gradient&quot;}\">\n\t\t\t\t\t<div class=\"e-con-inner\">\n\t\t<div class=\"elementor-element elementor-element-d8324d4 e-con-full e-flex e-con e-child\" data-id=\"d8324d4\" data-element_type=\"container\" data-e-type=\"container\">\n\t\t<div class=\"elementor-element elementor-element-5f18fe4 e-con-full e-flex e-con e-child\" data-id=\"5f18fe4\" data-element_type=\"container\" data-e-type=\"container\">\n\t\t\t\t<div class=\"elementor-element elementor-element-e6aae93 elementor-widget__width-auto elementor-widget elementor-widget-image\" data-id=\"e6aae93\" data-element_type=\"widget\" data-e-type=\"widget\" data-widget_type=\"image.default\">\n\t\t\t\t\t\t\t\t\t\t\t\t\t\t\t<img decoding=\"async\" width=\"222\" height=\"496\" src=\"https:\/\/jeanpierre.logia-web.fr\/wp-content\/uploads\/2026\/01\/image-2.webp\" class=\"attachment-full size-full wp-image-17\" alt=\"\" srcset=\"https:\/\/jeanpierre.logia-web.fr\/wp-content\/uploads\/2026\/01\/image-2.webp 222w, https:\/\/jeanpierre.logia-web.fr\/wp-content\/uploads\/2026\/01\/image-2-134x300.webp 134w\" sizes=\"(max-width: 222px) 100vw, 222px\" \/>\t\t\t\t\t\t\t\t\t\t\t\t\t\t\t<\/div>\n\t\t\t\t<\/div>\n\t\t<div class=\"elementor-element elementor-element-85a6861 e-con-full e-flex e-con e-child\" data-id=\"85a6861\" data-element_type=\"container\" data-e-type=\"container\">\n\t\t\t\t<div class=\"elementor-element elementor-element-14f02ed elementor-widget elementor-widget-image\" data-id=\"14f02ed\" data-element_type=\"widget\" data-e-type=\"widget\" data-widget_type=\"image.default\">\n\t\t\t\t\t\t\t\t\t\t\t\t\t\t\t<img decoding=\"async\" width=\"255\" height=\"238\" src=\"https:\/\/jeanpierre.logia-web.fr\/wp-content\/uploads\/2026\/01\/image-5.webp\" class=\"attachment-full size-full wp-image-19\" alt=\"\" \/>\t\t\t\t\t\t\t\t\t\t\t\t\t\t\t<\/div>\n\t\t\t\t<div class=\"elementor-element elementor-element-5d4febc elementor-widget elementor-widget-image\" data-id=\"5d4febc\" data-element_type=\"widget\" data-e-type=\"widget\" data-widget_type=\"image.default\">\n\t\t\t\t\t\t\t\t\t\t\t\t\t\t\t<img loading=\"lazy\" decoding=\"async\" width=\"255\" height=\"238\" src=\"https:\/\/jeanpierre.logia-web.fr\/wp-content\/uploads\/2026\/01\/image-4.webp\" class=\"attachment-full size-full wp-image-18\" alt=\"\" \/>\t\t\t\t\t\t\t\t\t\t\t\t\t\t\t<\/div>\n\t\t\t\t<\/div>\n\t\t\t\t<\/div>\n\t\t<div class=\"elementor-element elementor-element-2414686 e-con-full e-flex e-con e-child\" data-id=\"2414686\" data-element_type=\"container\" data-e-type=\"container\">\n\t\t<div class=\"elementor-element elementor-element-dd9979e e-con-full e-flex e-con e-child\" data-id=\"dd9979e\" data-element_type=\"container\" data-e-type=\"container\">\n\t\t\t\t<div class=\"elementor-element elementor-element-914b5e3 elementor-widget elementor-widget-heading\" data-id=\"914b5e3\" data-element_type=\"widget\" data-e-type=\"widget\" data-widget_type=\"heading.default\">\n\t\t\t\t\t<h3 class=\"elementor-heading-title elementor-size-default\">qui sommes-nous ?<\/h3>\t\t\t\t<\/div>\n\t\t\t\t<div class=\"elementor-element elementor-element-0c8f6ce elementor-widget elementor-widget-heading\" data-id=\"0c8f6ce\" data-element_type=\"widget\" data-e-type=\"widget\" data-widget_type=\"heading.default\">\n\t\t\t\t\t<h2 class=\"elementor-heading-title elementor-size-default\">Votre sp\u00e9cialiste fibre et t\u00e9l\u00e9com<\/h2>\t\t\t\t<\/div>\n\t\t\t\t<div class=\"elementor-element elementor-element-0a22c27 elementor-absolute elementor-view-default elementor-widget elementor-widget-icon\" data-id=\"0a22c27\" data-element_type=\"widget\" data-e-type=\"widget\" data-settings=\"{&quot;_position&quot;:&quot;absolute&quot;}\" data-widget_type=\"icon.default\">\n\t\t\t\t\t\t\t<div class=\"elementor-icon-wrapper\">\n\t\t\t<div class=\"elementor-icon\">\n\t\t\t<svg xmlns=\"http:\/\/www.w3.org\/2000\/svg\" width=\"33\" height=\"62\" viewBox=\"0 0 33 62\" fill=\"none\"><path d=\"M12.0831 1.35289C13.887 -0.450962 16.8227 -0.450962 18.6442 1.35289C20.4481 3.15674 20.4481 6.09242 18.6442 7.91395C6.15873 20.3994 6.15873 40.7193 18.6442 53.2048C19.5461 54.1067 20.0059 55.2916 20.0059 56.4764C20.0059 57.6613 19.5461 58.8462 18.6442 59.7481C16.8404 61.552 13.9047 61.552 12.0831 59.7481C-4.02771 43.655 -4.02771 17.4461 12.0831 1.35289Z\" fill=\"#1F4F3D\"><\/path><path d=\"M24.6087 13.8747C26.4126 12.0709 29.3483 12.0709 31.1698 13.8747C32.9736 15.6786 32.9736 18.6143 31.1698 20.4358C25.5814 26.0065 25.5814 35.0965 31.1698 40.6672C32.0717 41.5691 32.5315 42.754 32.5315 43.9389C32.5315 45.1238 32.0717 46.3087 31.1698 47.2106C29.3659 49.0144 26.4303 49.0144 24.6264 47.2106C15.4126 38.0322 15.4126 23.0708 24.6087 13.8747Z\" fill=\"#41AF88\"><\/path><\/svg>\t\t\t<\/div>\n\t\t<\/div>\n\t\t\t\t\t\t<\/div>\n\t\t\t\t<\/div>\n\t\t<div class=\"elementor-element elementor-element-c88673e e-con-full e-flex e-con e-child\" data-id=\"c88673e\" data-element_type=\"container\" data-e-type=\"container\">\n\t\t\t\t<div class=\"elementor-element elementor-element-c46b3b8 elementor-widget__width-initial elementor-widget elementor-widget-text-editor\" data-id=\"c46b3b8\" data-element_type=\"widget\" data-e-type=\"widget\" data-widget_type=\"text-editor.default\">\n\t\t\t\t\t\t\t\t\t<p>Lorem ipsum dolor sit amet, consectetur adipiscing elit, sed do eiusmod tempor incididunt ut labore et dolore magna aliqua. <strong>Ut enim ad minim veniam<\/strong>, quis nostrud exercitation ullamco sed incididunt ut labore et dolore magna aliqua. Ut enim ad minim veniam, quis nostrud <strong>exercitation ullamco<\/strong><\/p><p>Lorem ipsum dolor sit amet, <strong>consectetur<\/strong> adipiscing elit, sed do eiusmod tempor incididunt ut labore et dolore magna aliqua. Ut enim ad minim veniam, quis nostrud exercitation <strong>ullamco sed do eiusmod<\/strong> tempor incididunt.<\/p>\t\t\t\t\t\t\t\t<\/div>\n\t\t<div class=\"elementor-element elementor-element-00ccdd5 e-con-full e-flex e-con e-child\" data-id=\"00ccdd5\" data-element_type=\"container\" data-e-type=\"container\">\n\t\t\t\t<div class=\"elementor-element elementor-element-89d03d0 elementor-widget elementor-widget-icon-box\" data-id=\"89d03d0\" data-element_type=\"widget\" data-e-type=\"widget\" data-widget_type=\"icon-box.default\">\n\t\t\t\t\t\t\t<div class=\"elementor-icon-box-wrapper\">\n\n\t\t\t\n\t\t\t\t\t\t<div class=\"elementor-icon-box-content\">\n\n\t\t\t\t\t\t\t\t\t<h3 class=\"elementor-icon-box-title\">\n\t\t\t\t\t\t<span  >\n\t\t\t\t\t\t\t+200\t\t\t\t\t\t<\/span>\n\t\t\t\t\t<\/h3>\n\t\t\t\t\n\t\t\t\t\t\t\t\t\t<p class=\"elementor-icon-box-description\">\n\t\t\t\t\t\tinstallation t\u00e9l\u00e9communication\t\t\t\t\t<\/p>\n\t\t\t\t\n\t\t\t<\/div>\n\t\t\t\n\t\t<\/div>\n\t\t\t\t\t\t<\/div>\n\t\t\t\t<div class=\"elementor-element elementor-element-cd7c1a1 elementor-widget elementor-widget-icon-box\" data-id=\"cd7c1a1\" data-element_type=\"widget\" data-e-type=\"widget\" data-widget_type=\"icon-box.default\">\n\t\t\t\t\t\t\t<div class=\"elementor-icon-box-wrapper\">\n\n\t\t\t\n\t\t\t\t\t\t<div class=\"elementor-icon-box-content\">\n\n\t\t\t\t\t\t\t\t\t<h3 class=\"elementor-icon-box-title\">\n\t\t\t\t\t\t<span  >\n\t\t\t\t\t\t\t+200\t\t\t\t\t\t<\/span>\n\t\t\t\t\t<\/h3>\n\t\t\t\t\n\t\t\t\t\t\t\t\t\t<p class=\"elementor-icon-box-description\">\n\t\t\t\t\t\tinstallation internet\t\t\t\t\t<\/p>\n\t\t\t\t\n\t\t\t<\/div>\n\t\t\t\n\t\t<\/div>\n\t\t\t\t\t\t<\/div>\n\t\t\t\t<\/div>\n\t\t\t\t<\/div>\n\t\t<div class=\"elementor-element elementor-element-1643710 e-con-full e-flex e-con e-child\" data-id=\"1643710\" data-element_type=\"container\" data-e-type=\"container\">\n\t\t\t\t<div class=\"elementor-element elementor-element-da7acc2 elementor-widget elementor-widget-button\" data-id=\"da7acc2\" data-element_type=\"widget\" data-e-type=\"widget\" data-widget_type=\"button.default\">\n\t\t\t\t\t\t\t\t\t\t<a class=\"elementor-button elementor-button-link elementor-size-sm\" href=\"#\">\n\t\t\t\t\t\t<span class=\"elementor-button-content-wrapper\">\n\t\t\t\t\t\t\t\t\t<span class=\"elementor-button-text\">nous d\u00e9couvrir<\/span>\n\t\t\t\t\t<\/span>\n\t\t\t\t\t<\/a>\n\t\t\t\t\t\t\t\t<\/div>\n\t\t\t\t<div class=\"elementor-element elementor-element-53ac052 elementor-widget elementor-widget-button\" data-id=\"53ac052\" data-element_type=\"widget\" data-e-type=\"widget\" data-widget_type=\"button.default\">\n\t\t\t\t\t\t\t\t\t\t<a class=\"elementor-button elementor-button-link elementor-size-sm\" href=\"#\">\n\t\t\t\t\t\t<span class=\"elementor-button-content-wrapper\">\n\t\t\t\t\t\t\t\t\t<span class=\"elementor-button-text\">Une question ?<\/span>\n\t\t\t\t\t<\/span>\n\t\t\t\t\t<\/a>\n\t\t\t\t\t\t\t\t<\/div>\n\t\t\t\t<\/div>\n\t\t\t\t<\/div>\n\t\t\t\t\t<\/div>\n\t\t\t\t<\/div>\n\t\t<div class=\"elementor-element elementor-element-37baf62 e-flex e-con-boxed e-con e-parent\" data-id=\"37baf62\" data-element_type=\"container\" data-e-type=\"container\" data-settings=\"{&quot;background_background&quot;:&quot;classic&quot;}\">\n\t\t\t\t\t<div class=\"e-con-inner\">\n\t\t<div class=\"elementor-element elementor-element-6b4a3cc e-con-full e-flex e-con e-child\" data-id=\"6b4a3cc\" data-element_type=\"container\" data-e-type=\"container\">\n\t\t<div class=\"elementor-element elementor-element-8683cce e-con-full e-flex e-con e-child\" data-id=\"8683cce\" data-element_type=\"container\" data-e-type=\"container\">\n\t\t\t\t<div class=\"elementor-element elementor-element-b46ceab elementor-widget elementor-widget-heading\" data-id=\"b46ceab\" data-element_type=\"widget\" data-e-type=\"widget\" data-widget_type=\"heading.default\">\n\t\t\t\t\t<h3 class=\"elementor-heading-title elementor-size-default\">nos services<\/h3>\t\t\t\t<\/div>\n\t\t\t\t<div class=\"elementor-element elementor-element-828d0ca elementor-widget elementor-widget-heading\" data-id=\"828d0ca\" data-element_type=\"widget\" data-e-type=\"widget\" data-widget_type=\"heading.default\">\n\t\t\t\t\t<h2 class=\"elementor-heading-title elementor-size-default\">La t\u00e9l\u00e9communication<\/h2>\t\t\t\t<\/div>\n\t\t\t\t<div class=\"elementor-element elementor-element-d7534c0 elementor-absolute elementor-view-default elementor-widget elementor-widget-icon\" data-id=\"d7534c0\" data-element_type=\"widget\" data-e-type=\"widget\" data-settings=\"{&quot;_position&quot;:&quot;absolute&quot;}\" data-widget_type=\"icon.default\">\n\t\t\t\t\t\t\t<div class=\"elementor-icon-wrapper\">\n\t\t\t<div class=\"elementor-icon\">\n\t\t\t<svg xmlns=\"http:\/\/www.w3.org\/2000\/svg\" width=\"33\" height=\"62\" viewBox=\"0 0 33 62\" fill=\"none\"><path d=\"M12.0831 1.35289C13.887 -0.450962 16.8227 -0.450962 18.6442 1.35289C20.4481 3.15674 20.4481 6.09242 18.6442 7.91395C6.15873 20.3994 6.15873 40.7193 18.6442 53.2048C19.5461 54.1067 20.0059 55.2916 20.0059 56.4764C20.0059 57.6613 19.5461 58.8462 18.6442 59.7481C16.8404 61.552 13.9047 61.552 12.0831 59.7481C-4.02771 43.655 -4.02771 17.4461 12.0831 1.35289Z\" fill=\"#1F4F3D\"><\/path><path d=\"M24.6087 13.8747C26.4126 12.0709 29.3483 12.0709 31.1698 13.8747C32.9736 15.6786 32.9736 18.6143 31.1698 20.4358C25.5814 26.0065 25.5814 35.0965 31.1698 40.6672C32.0717 41.5691 32.5315 42.754 32.5315 43.9389C32.5315 45.1238 32.0717 46.3087 31.1698 47.2106C29.3659 49.0144 26.4303 49.0144 24.6264 47.2106C15.4126 38.0322 15.4126 23.0708 24.6087 13.8747Z\" fill=\"#41AF88\"><\/path><\/svg>\t\t\t<\/div>\n\t\t<\/div>\n\t\t\t\t\t\t<\/div>\n\t\t\t\t<\/div>\n\t\t<div class=\"elementor-element elementor-element-55b3bc1 e-con-full e-flex e-con e-child\" data-id=\"55b3bc1\" data-element_type=\"container\" data-e-type=\"container\">\n\t\t\t\t<div class=\"elementor-element elementor-element-9fb6fbb elementor-widget__width-initial elementor-widget elementor-widget-text-editor\" data-id=\"9fb6fbb\" data-element_type=\"widget\" data-e-type=\"widget\" data-widget_type=\"text-editor.default\">\n\t\t\t\t\t\t\t\t\t<p>Lorem ipsum dolor sit amet, consectetur adipiscing elit, sed do eiusmod tempor incididunt ut labore et dolore magna aliqua. <strong>Ut enim ad minim veniam<\/strong>, quis nostrud exercitation ullamco sed incididunt ut labore et dolore magna aliqua. Ut enim ad minim veniam, quis nostrud <strong>exercitation ullamco<\/strong><\/p>\t\t\t\t\t\t\t\t<\/div>\n\t\t<div class=\"elementor-element elementor-element-b13cacb e-con-full e-flex e-con e-child\" data-id=\"b13cacb\" data-element_type=\"container\" data-e-type=\"container\">\n\t\t\t\t<div class=\"elementor-element elementor-element-66c4249 elementor-widget__width-initial elementor-widget elementor-widget-icon-box\" data-id=\"66c4249\" data-element_type=\"widget\" data-e-type=\"widget\" data-widget_type=\"icon-box.default\">\n\t\t\t\t\t\t\t<div class=\"elementor-icon-box-wrapper\">\n\n\t\t\t\n\t\t\t\t\t\t<div class=\"elementor-icon-box-content\">\n\n\t\t\t\t\t\t\t\t\t<h3 class=\"elementor-icon-box-title\">\n\t\t\t\t\t\t<span  >\n\t\t\t\t\t\t\tT\u00e9l\u00e9phone mobile\t\t\t\t\t\t<\/span>\n\t\t\t\t\t<\/h3>\n\t\t\t\t\n\t\t\t\t\t\t\t\t\t<p class=\"elementor-icon-box-description\">\n\t\t\t\t\t\tLorem ipsum dolor sit amet, consectetur adipiscing elit, sed do eiusmod tempor incididunt ut labore et dolore magna aliqua.\t\t\t\t\t<\/p>\n\t\t\t\t\n\t\t\t<\/div>\n\t\t\t\n\t\t<\/div>\n\t\t\t\t\t\t<\/div>\n\t\t\t\t<div class=\"elementor-element elementor-element-8b52dc0 elementor-widget__width-initial elementor-widget elementor-widget-icon-box\" data-id=\"8b52dc0\" data-element_type=\"widget\" data-e-type=\"widget\" data-widget_type=\"icon-box.default\">\n\t\t\t\t\t\t\t<div class=\"elementor-icon-box-wrapper\">\n\n\t\t\t\n\t\t\t\t\t\t<div class=\"elementor-icon-box-content\">\n\n\t\t\t\t\t\t\t\t\t<h3 class=\"elementor-icon-box-title\">\n\t\t\t\t\t\t<span  >\n\t\t\t\t\t\t\tT\u00e9l\u00e9phone fixe\t\t\t\t\t\t<\/span>\n\t\t\t\t\t<\/h3>\n\t\t\t\t\n\t\t\t\t\t\t\t\t\t<p class=\"elementor-icon-box-description\">\n\t\t\t\t\t\tLorem ipsum dolor sit amet, consectetur adipiscing elit, sed do eiusmod tempor incididunt ut labore et dolore magna aliqua.\t\t\t\t\t<\/p>\n\t\t\t\t\n\t\t\t<\/div>\n\t\t\t\n\t\t<\/div>\n\t\t\t\t\t\t<\/div>\n\t\t\t\t<\/div>\n\t\t<div class=\"elementor-element elementor-element-2de5558 e-con-full e-flex e-con e-child\" data-id=\"2de5558\" data-element_type=\"container\" data-e-type=\"container\">\n\t\t\t\t<div class=\"elementor-element elementor-element-aad29e9 elementor-widget__width-initial elementor-widget elementor-widget-icon-box\" data-id=\"aad29e9\" data-element_type=\"widget\" data-e-type=\"widget\" data-widget_type=\"icon-box.default\">\n\t\t\t\t\t\t\t<div class=\"elementor-icon-box-wrapper\">\n\n\t\t\t\n\t\t\t\t\t\t<div class=\"elementor-icon-box-content\">\n\n\t\t\t\t\t\t\t\t\t<h3 class=\"elementor-icon-box-title\">\n\t\t\t\t\t\t<span  >\n\t\t\t\t\t\t\tStandards\t\t\t\t\t\t<\/span>\n\t\t\t\t\t<\/h3>\n\t\t\t\t\n\t\t\t\t\t\t\t\t\t<p class=\"elementor-icon-box-description\">\n\t\t\t\t\t\tLorem ipsum dolor sit amet, consectetur adipiscing elit, sed do eiusmod tempor incididunt ut labore et dolore magna aliqua.\t\t\t\t\t<\/p>\n\t\t\t\t\n\t\t\t<\/div>\n\t\t\t\n\t\t<\/div>\n\t\t\t\t\t\t<\/div>\n\t\t\t\t<div class=\"elementor-element elementor-element-3bb97e8 elementor-widget__width-initial elementor-widget elementor-widget-icon-box\" data-id=\"3bb97e8\" data-element_type=\"widget\" data-e-type=\"widget\" data-widget_type=\"icon-box.default\">\n\t\t\t\t\t\t\t<div class=\"elementor-icon-box-wrapper\">\n\n\t\t\t\n\t\t\t\t\t\t<div class=\"elementor-icon-box-content\">\n\n\t\t\t\t\t\t\t\t\t<h3 class=\"elementor-icon-box-title\">\n\t\t\t\t\t\t<span  >\n\t\t\t\t\t\t\tCommunication unifi\u00e9\t\t\t\t\t\t<\/span>\n\t\t\t\t\t<\/h3>\n\t\t\t\t\n\t\t\t\t\t\t\t\t\t<p class=\"elementor-icon-box-description\">\n\t\t\t\t\t\tLorem ipsum dolor sit amet, consectetur adipiscing elit, sed do eiusmod tempor incididunt ut labore et dolore magna aliqua.\t\t\t\t\t<\/p>\n\t\t\t\t\n\t\t\t<\/div>\n\t\t\t\n\t\t<\/div>\n\t\t\t\t\t\t<\/div>\n\t\t\t\t<\/div>\n\t\t\t\t<\/div>\n\t\t\t\t<\/div>\n\t\t<div class=\"elementor-element elementor-element-0f63a80 e-con-full e-flex e-con e-child\" data-id=\"0f63a80\" data-element_type=\"container\" data-e-type=\"container\">\n\t\t<div class=\"elementor-element elementor-element-add00b9 e-con-full e-flex e-con e-child\" data-id=\"add00b9\" data-element_type=\"container\" data-e-type=\"container\">\n\t\t\t\t<div class=\"elementor-element elementor-element-28ee315 elementor-widget__width-auto elementor-widget elementor-widget-image\" data-id=\"28ee315\" data-element_type=\"widget\" data-e-type=\"widget\" data-widget_type=\"image.default\">\n\t\t\t\t\t\t\t\t\t\t\t\t\t\t\t<img loading=\"lazy\" decoding=\"async\" width=\"459\" height=\"520\" src=\"https:\/\/jeanpierre.logia-web.fr\/wp-content\/uploads\/2026\/01\/image-4-1.webp\" class=\"attachment-full size-full wp-image-35\" alt=\"\" srcset=\"https:\/\/jeanpierre.logia-web.fr\/wp-content\/uploads\/2026\/01\/image-4-1.webp 459w, https:\/\/jeanpierre.logia-web.fr\/wp-content\/uploads\/2026\/01\/image-4-1-265x300.webp 265w\" sizes=\"(max-width: 459px) 100vw, 459px\" \/>\t\t\t\t\t\t\t\t\t\t\t\t\t\t\t<\/div>\n\t\t\t\t<div class=\"elementor-element elementor-element-d930257 elementor-widget__width-auto elementor-widget elementor-widget-image\" data-id=\"d930257\" data-element_type=\"widget\" data-e-type=\"widget\" data-widget_type=\"image.default\">\n\t\t\t\t\t\t\t\t\t\t\t\t\t\t\t<img loading=\"lazy\" decoding=\"async\" width=\"459\" height=\"520\" src=\"https:\/\/jeanpierre.logia-web.fr\/wp-content\/uploads\/2026\/01\/image-3.webp\" class=\"attachment-full size-full wp-image-34\" alt=\"\" srcset=\"https:\/\/jeanpierre.logia-web.fr\/wp-content\/uploads\/2026\/01\/image-3.webp 459w, https:\/\/jeanpierre.logia-web.fr\/wp-content\/uploads\/2026\/01\/image-3-265x300.webp 265w\" sizes=\"(max-width: 459px) 100vw, 459px\" \/>\t\t\t\t\t\t\t\t\t\t\t\t\t\t\t<\/div>\n\t\t\t\t<\/div>\n\t\t<div class=\"elementor-element elementor-element-e86bacc e-con-full e-flex e-con e-child\" data-id=\"e86bacc\" data-element_type=\"container\" data-e-type=\"container\">\n\t\t\t\t<div class=\"elementor-element elementor-element-702c61b elementor-widget elementor-widget-image\" data-id=\"702c61b\" data-element_type=\"widget\" data-e-type=\"widget\" data-widget_type=\"image.default\">\n\t\t\t\t\t\t\t\t\t\t\t\t\t\t\t<img loading=\"lazy\" decoding=\"async\" width=\"983\" height=\"410\" src=\"https:\/\/jeanpierre.logia-web.fr\/wp-content\/uploads\/2026\/01\/image-2-1.webp\" class=\"attachment-full size-full wp-image-33\" alt=\"\" srcset=\"https:\/\/jeanpierre.logia-web.fr\/wp-content\/uploads\/2026\/01\/image-2-1.webp 983w, https:\/\/jeanpierre.logia-web.fr\/wp-content\/uploads\/2026\/01\/image-2-1-300x125.webp 300w, https:\/\/jeanpierre.logia-web.fr\/wp-content\/uploads\/2026\/01\/image-2-1-768x320.webp 768w, https:\/\/jeanpierre.logia-web.fr\/wp-content\/uploads\/2026\/01\/image-2-1-980x409.webp 980w, https:\/\/jeanpierre.logia-web.fr\/wp-content\/uploads\/2026\/01\/image-2-1-480x200.webp 480w\" sizes=\"(max-width: 983px) 100vw, 983px\" \/>\t\t\t\t\t\t\t\t\t\t\t\t\t\t\t<\/div>\n\t\t\t\t<\/div>\n\t\t\t\t<\/div>\n\t\t\t\t\t<\/div>\n\t\t\t\t<\/div>\n\t\t\t\t<\/div>\n\t\t","protected":false},"excerpt":{"rendered":"<p>Lorem ipsum dolor sit amet, consectetur adipiscing elit, sed do eiusmod tempor incididunt ut labore et dolore magna aliqua. Ut enim ad minim veniam, quis nous d\u00e9couvrir Une question ? qui sommes-nous ? Votre sp\u00e9cialiste fibre et t\u00e9l\u00e9com Lorem ipsum dolor sit amet, consectetur adipiscing elit, sed do eiusmod tempor incididunt ut labore et dolore [&hellip;]<\/p>\n","protected":false},"author":1,"featured_media":0,"parent":0,"menu_order":0,"comment_status":"closed","ping_status":"closed","template":"elementor_canvas","meta":{"footnotes":""},"class_list":["post-2","page","type-page","status-publish","hentry"],"_links":{"self":[{"href":"https:\/\/jeanpierre.logia-web.fr\/index.php?rest_route=\/wp\/v2\/pages\/2","targetHints":{"allow":["GET"]}}],"collection":[{"href":"https:\/\/jeanpierre.logia-web.fr\/index.php?rest_route=\/wp\/v2\/pages"}],"about":[{"href":"https:\/\/jeanpierre.logia-web.fr\/index.php?rest_route=\/wp\/v2\/types\/page"}],"author":[{"embeddable":true,"href":"https:\/\/jeanpierre.logia-web.fr\/index.php?rest_route=\/wp\/v2\/users\/1"}],"replies":[{"embeddable":true,"href":"https:\/\/jeanpierre.logia-web.fr\/index.php?rest_route=%2Fwp%2Fv2%2Fcomments&post=2"}],"version-history":[{"count":5,"href":"https:\/\/jeanpierre.logia-web.fr\/index.php?rest_route=\/wp\/v2\/pages\/2\/revisions"}],"predecessor-version":[{"id":146,"href":"https:\/\/jeanpierre.logia-web.fr\/index.php?rest_route=\/wp\/v2\/pages\/2\/revisions\/146"}],"wp:attachment":[{"href":"https:\/\/jeanpierre.logia-web.fr\/index.php?rest_route=%2Fwp%2Fv2%2Fmedia&parent=2"}],"curies":[{"name":"wp","href":"https:\/\/api.w.org\/{rel}","templated":true}]}}